{"id":8879,"date":"2023-10-01T01:00:11","date_gmt":"2023-10-01T04:00:11","guid":{"rendered":"https:\/\/gabyvalenzuela.cl\/upgrades\/apl\/?page_id=8879"},"modified":"2025-02-27T17:06:54","modified_gmt":"2025-02-27T20:06:54","slug":"como-sumarse","status":"publish","type":"page","link":"https:\/\/www.asipla.cl\/marketplace\/como-sumarse\/","title":{"rendered":"C\u00f3mo sumarse"},"content":{"rendered":"<section class=\"l-section wpb_row height_auto width_full\"><div class=\"l-section-h i-cf\"><div class=\"g-cols vc_row via_grid cols_1 laptops-cols_inherit tablets-cols_inherit mobiles-cols_1 valign_top type_default stacking_default\"><div class=\"wpb_column vc_column_container\"><div class=\"vc_column-inner\">\n\t\t\t<!-- START C\u00f3mo sumarse REVOLUTION SLIDER 6.6.18 --><p class=\"rs-p-wp-fix\"><\/p>\n\t\t\t<rs-module-wrap id=\"rev_slider_19_1_wrapper\" data-source=\"gallery\" style=\"visibility:hidden;background:transparent;padding:0;margin:0px auto;margin-top:0;margin-bottom:0;\">\n\t\t\t\t<rs-module id=\"rev_slider_19_1\" style=\"\" data-version=\"6.6.18\">\n\t\t\t\t\t<rs-slides style=\"overflow: hidden; position: absolute;\">\n\t\t\t\t\t\t<rs-slide style=\"position: absolute;\" data-key=\"rs-35\" data-title=\"Slide\" data-in=\"o:0;\" data-out=\"a:false;\">\n\t\t\t\t\t\t\t<img decoding=\"async\" src=\"\/\/www.asipla.cl\/marketplace\/wp-content\/plugins\/revslider\/public\/assets\/assets\/dummy.png\" alt=\"\" title=\"slide_10\" width=\"1200\" height=\"400\" class=\"rev-slidebg tp-rs-img rs-lazyload\" data-lazyload=\"\/\/www.asipla.cl\/marketplace\/wp-content\/uploads\/2023\/10\/slide_10.jpg\" data-no-retina>\n<!--\n\t\t\t\t\t\t\t--><rs-layer\n\t\t\t\t\t\t\t\tid=\"slider-19-slide-35-layer-0\" \n\t\t\t\t\t\t\t\tdata-type=\"text\"\n\t\t\t\t\t\t\t\tdata-color=\"#ffffff\"\n\t\t\t\t\t\t\t\tdata-rsp_ch=\"on\"\n\t\t\t\t\t\t\t\tdata-xy=\"x:c;y:c;\"\n\t\t\t\t\t\t\t\tdata-text=\"w:normal;s:30;l:37;fw:700;a:center;\"\n\t\t\t\t\t\t\t\tdata-frame_999=\"o:0;st:w;\"\n\t\t\t\t\t\t\t\tstyle=\"z-index:6;font-family:'Montserrat';\"\n\t\t\t\t\t\t\t>\u201cLos pl\u00e1sticos son una amplia familia de resinas <br \/>\nque se inventaron para mejorar la calidad de vida de las personas\u201d \n\t\t\t\t\t\t\t<\/rs-layer><!--\n-->\t\t\t\t\t\t<\/rs-slide>\n\t\t\t\t\t<\/rs-slides>\n\t\t\t\t<\/rs-module>\n\t\t\t\t<script>\n\t\t\t\t\tsetREVStartSize({c: 'rev_slider_19_1',rl:[1240,1024,778,480],el:[400],gw:[1200],gh:[400],type:'standard',justify:'',layout:'fullwidth',mh:\"0\"});if (window.RS_MODULES!==undefined && window.RS_MODULES.modules!==undefined && window.RS_MODULES.modules[\"revslider191\"]!==undefined) {window.RS_MODULES.modules[\"revslider191\"].once = false;window.revapi19 = undefined;if (window.RS_MODULES.checkMinimal!==undefined) window.RS_MODULES.checkMinimal()}\n\t\t\t\t<\/script>\n\t\t\t<\/rs-module-wrap>\n\t\t\t<!-- END REVOLUTION SLIDER -->\n<\/div><\/div><\/div><\/div><\/section><section class=\"l-section wpb_row height_auto\"><div class=\"l-section-h i-cf\"><div class=\"g-cols vc_row via_grid cols_1 laptops-cols_inherit tablets-cols_inherit mobiles-cols_1 valign_top type_default stacking_default\"><div class=\"wpb_column vc_column_container\"><div class=\"vc_column-inner\"><div class=\"w-separator size_medium\"><\/div><h2 class=\"w-text us_custom_4621708f\"><span class=\"w-text-h\"><span class=\"w-text-value\">C\u00f3mo sumarse<\/span><\/span><\/h2><div class=\"wpb_text_column\"><div class=\"wpb_wrapper\"><p style=\"text-align: center;\">Si quieres ser parte de este proyecto y publicar la informaci\u00f3n de tu empresa, favor revisar el siguiente documento: <a href=\"https:\/\/www.asipla.cl\/marketplace\/wp-content\/uploads\/2025\/02\/Requisitos-Marketplace-Empresas-que-no-estan-adh-al-APL.pdf\">Requisitos Marketplace Empresas que no est\u00e1n adh al APL<\/a>. Para enviar dicha informaci\u00f3n y resolver dudas, puedes contactar a Nicole Gorab al correo nicole.gorab@asipla.cl<\/p>\n<\/div><\/div><div class=\"w-separator size_medium\"><\/div><\/div><\/div><\/div><\/div><\/section>\n","protected":false},"excerpt":{"rendered":"\u201cLos pl\u00e1sticos son una amplia familia de resinas que se inventaron para mejorar la calidad de vida de las personas\u201d C\u00f3mo sumarseSi quieres ser parte de este proyecto y publicar la informaci\u00f3n de tu empresa, favor revisar el siguiente documento: Requisitos Marketplace Empresas que no est\u00e1n adh al APL. Para enviar dicha informaci\u00f3n y resolver...","protected":false},"author":1,"featured_media":0,"parent":0,"menu_order":0,"comment_status":"closed","ping_status":"open","template":"","meta":{"footnotes":""},"class_list":["post-8879","page","type-page","status-publish","hentry"],"_links":{"self":[{"href":"https:\/\/www.asipla.cl\/marketplace\/wp-json\/wp\/v2\/pages\/8879","targetHints":{"allow":["GET"]}}],"collection":[{"href":"https:\/\/www.asipla.cl\/marketplace\/wp-json\/wp\/v2\/pages"}],"about":[{"href":"https:\/\/www.asipla.cl\/marketplace\/wp-json\/wp\/v2\/types\/page"}],"author":[{"embeddable":true,"href":"https:\/\/www.asipla.cl\/marketplace\/wp-json\/wp\/v2\/users\/1"}],"replies":[{"embeddable":true,"href":"https:\/\/www.asipla.cl\/marketplace\/wp-json\/wp\/v2\/comments?post=8879"}],"version-history":[{"count":4,"href":"https:\/\/www.asipla.cl\/marketplace\/wp-json\/wp\/v2\/pages\/8879\/revisions"}],"predecessor-version":[{"id":9231,"href":"https:\/\/www.asipla.cl\/marketplace\/wp-json\/wp\/v2\/pages\/8879\/revisions\/9231"}],"wp:attachment":[{"href":"https:\/\/www.asipla.cl\/marketplace\/wp-json\/wp\/v2\/media?parent=8879"}],"curies":[{"name":"wp","href":"https:\/\/api.w.org\/{rel}","templated":true}]}}